{"id":1971,"date":"2024-10-08T15:30:25","date_gmt":"2024-10-08T15:30:25","guid":{"rendered":"https:\/\/nuevapets.es\/?page_id=1971"},"modified":"2024-10-08T16:26:40","modified_gmt":"2024-10-08T16:26:40","slug":"politica-de-privacidad","status":"publish","type":"page","link":"https:\/\/nuevapets.es\/en\/politica-de-privacidad\/","title":{"rendered":"Pol\u00edtica de privacidad"},"content":{"rendered":"<div data-elementor-type=\"wp-page\" data-elementor-id=\"1971\" class=\"elementor elementor-1971\">\n\t\t\t\t\t\t\t<div class=\"elementor-element elementor-element-10a4830 e-flex e-con-boxed e-con e-parent\" data-id=\"10a4830\" data-element_type=\"container\" data-settings=\"{&quot;content_width&quot;:&quot;boxed&quot;}\" data-core-v316-plus=\"true\">\n\t\t\t\t\t<div class=\"e-con-inner\">\n\t\t\t\t<div class=\"elementor-element elementor-element-fac372e elementor-widget elementor-widget-text-editor\" data-id=\"fac372e\" data-element_type=\"widget\" data-widget_type=\"text-editor.default\">\n\t\t\t\t<div class=\"elementor-widget-container\">\n\t\t\t<style>\/*! elementor - v3.16.0 - 20-09-2023 *\/\n.elementor-widget-text-editor.elementor-drop-cap-view-stacked .elementor-drop-cap{background-color:#69727d;color:#fff}.elementor-widget-text-editor.elementor-drop-cap-view-framed .elementor-drop-cap{color:#69727d;border:3px solid;background-color:transparent}.elementor-widget-text-editor:not(.elementor-drop-cap-view-default) .elementor-drop-cap{margin-top:8px}.elementor-widget-text-editor:not(.elementor-drop-cap-view-default) .elementor-drop-cap-letter{width:1em;height:1em}.elementor-widget-text-editor .elementor-drop-cap{float:left;text-align:center;line-height:1;font-size:50px}.elementor-widget-text-editor .elementor-drop-cap-letter{display:inline-block}<\/style>\t\t\t\t<h1 style=\"text-align: center;\">POL\u00cdTICA DE PRIVACIDAD<\/h1><p>\u00a0<\/p><h6><span style=\"color: #063076;\">\u00bfQui\u00e9n es el responsable del tratamiento de tus datos personales?<\/span><\/h6><p><strong>ROSA MARIA ESTEVAN ASENSIO<\/strong>, en adelante NuevaPets, es la RESPONSABLE del tratamiento de los datos personales del USUARIO y le informa de que estos datos ser\u00e1n tratados de conformidad con lo dispuesto en el Reglamento (UE) 2016\/679, de 27 de abril (GDPR), y la Ley Org\u00e1nica 3\/2018, de 5 de diciembre (LOPDGDD).<\/p><h6><span style=\"color: #063076;\">\u00bfPara qu\u00e9 tratamos tus datos personales?<\/span><\/h6><p>Para mantener una relaci\u00f3n comercial con el usuario. Las operaciones previstas para realizar el tratamiento son cuando contacta con nosotros a trav\u00e9s de llamada telef\u00f3nica o de la aplicaci\u00f3n de mensajer\u00eda WhatsApp :<\/p><ul><li>\u00a0Gesti\u00f3n de citas.<\/li><li>\u00a0Tramitar encargos, solicitudes, dar respuesta a las consultas o cualquier tipo de petici\u00f3n que sea realizada por el USUARIO.<\/li><li>\u00a0Informaci\u00f3n relativa a novedades, ofertas y promociones en nuestra actividad<strong>.<\/strong><\/li><\/ul><h6><span style=\"color: #063076;\">\u00bfPor qu\u00e9 motivo podemos tratar tus datos personales?<\/span><\/h6><p>Porque el tratamiento est\u00e1 legitimado por el art\u00edculo 6 del GDPR de la siguiente forma:<\/p><ul><li>\u00a0Con el consentimiento del USUARIO: remisi\u00f3n de comunicaciones comerciales y del bolet\u00edn informativo.<\/li><li>\u00a0Por inter\u00e9s leg\u00edtimo del RESPONSABLE: gesti\u00f3n de citas, tramitar encargos, solicitudes, etc. a petici\u00f3n del USUARIO.<\/li><\/ul><h6><span style=\"color: #063076;\">\u00bfDurante cu\u00e1nto tiempo guardaremos tus datos personales?<\/span><\/h6><p>Se conservar\u00e1n durante no m\u00e1s tiempo del necesario para mantener el fin del tratamiento o existan prescripciones legales que dictaminen su custodia y cuando ya no sea necesario para ello, se suprimir\u00e1n con medidas de seguridad adecuadas para garantizar la anonimizaci\u00f3n de los datos o la destrucci\u00f3n total de los mismos.<\/p><h6><span style=\"color: #063076;\">\u00bfA qui\u00e9n facilitamos tus datos personales?<\/span><\/h6><p>No est\u00e1 prevista ninguna comunicaci\u00f3n de datos personales a terceros salvo, si fuese necesario para el desarrollo y ejecuci\u00f3n de las finalidades del tratamiento, a nuestros proveedores de servicios relacionados con comunicaciones, con los cuales el RESPONSABLE tiene suscritos los contratos de confidencialidad y de encargado de tratamiento exigidos por la normativa vigente de privacidad.<\/p><p>Respecto al uso de WhatsApp, su nombre, n\u00famero de tel\u00e9fono y conversaciones aportadas al grupo ser\u00e1n visibles a los otros miembros del canal en el caso de existir, no se comunicar\u00e1n m\u00e1s datos a terceros sin su consentimiento, salvo obligaci\u00f3n legal. WhatsApp Ireland Limited como prestador del servicio.<\/p><h6><span style=\"color: #063076;\">\u00bfCu\u00e1les son tus derechos?<\/span><\/h6><p>Los derechos que asisten al USUARIO son:<\/p><ul><li>\u00a0Derecho a retirar el consentimiento en cualquier momento.<\/li><li>\u00a0Derecho de acceso, rectificaci\u00f3n, portabilidad y supresi\u00f3n de sus datos, y de limitaci\u00f3n u oposici\u00f3n a su tratamiento.<\/li><li>Derecho a presentar una reclamaci\u00f3n ante la autoridad de control (www.aepd.es) si considera que el tratamiento no se ajusta a la normativa vigente.<\/li><\/ul><h6>Datos de contacto para ejercer sus derechos:<\/h6><p>ROSA MARIA ESTEVAN ASENSIO. Calle Alhamilla 8 &#8211; 04230 Hu\u00e9rcal de Almer\u00eda (Almer\u00eda). E-mail: <a href=\"mailto:clinicapetsveterinaria@gmail.com\">clinicapetsveterinaria@gmail.com<\/a><\/p><h5>2. CONDICIONES DE USO DE WHATSAPP COMO MEDIO DE COMUNICACI\u00d3N<\/h5><p>Para el uso de este canal, es necesario que el interesado tenga una cuenta WhatsApp, para lo que habr\u00e1 aceptado previamente las condiciones de uso y la pol\u00edtica de privacidad vigente en cada momento en esta plataforma. El interesado deber\u00e1 aceptar las presentes condiciones de uso para mantener comunicaciones con NuevaPets a trav\u00e9s de WhastApp. Una vez aceptadas, el interesado podr\u00e1 usarlo como m\u00e9todo de contacto para cualquier tipo de petici\u00f3n relacionada con nuestros productos y servicios.<\/p><p>Se informa al interesado de que en caso de que lo considere oportuno, podr\u00e1 bloquear sus comunicaciones por esta v\u00eda con NuevaPets, utilizando para ello las funcionalidades que le brinda la propia aplicaci\u00f3n. Tambi\u00e9n podr\u00e1, en cualquier momento, solicitar a NuevaPets el dejar de ser contactado por esta v\u00eda a trav\u00e9s del propio canal.<\/p><h5>3. MEDIDAS DE SEGURIDAD<\/h5><p>Que de conformidad con lo dispuesto en las normativas vigentes en protecci\u00f3n de datos personales, el RESPONSABLE est\u00e1 cumpliendo con todas las disposiciones de las normativas GDPR y LOPDGDD para el tratamiento de los datos personales de su responsabilidad, y manifiestamente con los principios descritos en el art\u00edculo 5 del GDPR, por los cuales son tratados de manera l\u00edcita, leal y transparente en relaci\u00f3n con el interesado y adecuados, pertinentes y limitados a lo necesario en relaci\u00f3n con los fines para los que son tratados.<\/p><p>El RESPONSABLE garantiza que ha implementado pol\u00edticas t\u00e9cnicas y organizativas apropiadas para aplicar las medidas de seguridad que establecen el GDPR y la LOPDGDD con el fin de proteger los derechos y libertades de los USUARIOS y les ha comunicado la informaci\u00f3n adecuada para que puedan ejercerlos.<\/p><p>Para m\u00e1s informaci\u00f3n sobre las garant\u00edas de privacidad, puedes dirigirte al RESPONSABLE a trav\u00e9s de ROSA MARIA ESTEVAN ASENSIO. Calle Alhamilla 8 &#8211; 04230 Hu\u00e9rcal de Almer\u00eda (Almer\u00eda). E-mail: <a href=\"mailto:clinicapetsveterinaria@gmail.com\">clinicapetsveterinaria@gmail.com<\/a><\/p>\t\t\t\t\t\t<\/div>\n\t\t\t\t<\/div>\n\t\t\t\t\t<\/div>\n\t\t\t\t<\/div>\n\t\t\t\t\t\t\t<\/div>","protected":false},"excerpt":{"rendered":"<p>POL\u00cdTICA DE PRIVACIDAD \u00a0 \u00bfQui\u00e9n es el responsable del tratamiento de tus datos personales? ROSA MARIA ESTEVAN ASENSIO, en adelante NuevaPets, es la RESPONSABLE del tratamiento de los datos personales del USUARIO y le informa de que estos datos ser\u00e1n tratados de conformidad con lo dispuesto en el Reglamento (UE) 2016\/679, de 27 de abril [&hellip;]<\/p>","protected":false},"author":1,"featured_media":0,"parent":0,"menu_order":0,"comment_status":"closed","ping_status":"closed","template":"","meta":{"footnotes":""},"_links":{"self":[{"href":"https:\/\/nuevapets.es\/en\/wp-json\/wp\/v2\/pages\/1971"}],"collection":[{"href":"https:\/\/nuevapets.es\/en\/wp-json\/wp\/v2\/pages"}],"about":[{"href":"https:\/\/nuevapets.es\/en\/wp-json\/wp\/v2\/types\/page"}],"author":[{"embeddable":true,"href":"https:\/\/nuevapets.es\/en\/wp-json\/wp\/v2\/users\/1"}],"replies":[{"embeddable":true,"href":"https:\/\/nuevapets.es\/en\/wp-json\/wp\/v2\/comments?post=1971"}],"version-history":[{"count":7,"href":"https:\/\/nuevapets.es\/en\/wp-json\/wp\/v2\/pages\/1971\/revisions"}],"predecessor-version":[{"id":1989,"href":"https:\/\/nuevapets.es\/en\/wp-json\/wp\/v2\/pages\/1971\/revisions\/1989"}],"wp:attachment":[{"href":"https:\/\/nuevapets.es\/en\/wp-json\/wp\/v2\/media?parent=1971"}],"curies":[{"name":"wp","href":"https:\/\/api.w.org\/{rel}","templated":true}]}}