{"id":17,"date":"2022-04-08T20:56:45","date_gmt":"2022-04-08T20:56:45","guid":{"rendered":"https:\/\/tailwag.progressionstudios.com\/?page_id=17"},"modified":"2025-01-23T00:28:04","modified_gmt":"2025-01-23T00:28:04","slug":"sobre-nosotros","status":"publish","type":"page","link":"https:\/\/nuevapets.es\/en\/sobre-nosotros\/","title":{"rendered":"About us"},"content":{"rendered":"<div data-elementor-type=\"wp-page\" data-elementor-id=\"17\" class=\"elementor elementor-17\">\n\t\t\t\t\t\t\t\t\t<section class=\"elementor-section elementor-top-section elementor-element elementor-element-c64fc14 elementor-section-boxed elementor-section-height-default elementor-section-height-default\" data-id=\"c64fc14\" data-element_type=\"section\">\n\t\t\t\t\t\t<div class=\"elementor-container elementor-column-gap-default\">\n\t\t\t\t\t<div class=\"elementor-column elementor-col-100 elementor-top-column elementor-element elementor-element-1a3ad5c7\" data-id=\"1a3ad5c7\" data-element_type=\"column\">\n\t\t\t<div class=\"elementor-widget-wrap elementor-element-populated\">\n\t\t\t\t\t\t\t\t<div class=\"elementor-element elementor-element-15ba12f elementor-widget elementor-widget-heading\" data-id=\"15ba12f\" data-element_type=\"widget\" data-widget_type=\"heading.default\">\n\t\t\t\t<div class=\"elementor-widget-container\">\n\t\t\t<style>\/*! elementor - v3.16.0 - 20-09-2023 *\/\n.elementor-heading-title{padding:0;margin:0;line-height:1}.elementor-widget-heading .elementor-heading-title[class*=elementor-size-]>a{color:inherit;font-size:inherit;line-height:inherit}.elementor-widget-heading .elementor-heading-title.elementor-size-small{font-size:15px}.elementor-widget-heading .elementor-heading-title.elementor-size-medium{font-size:19px}.elementor-widget-heading .elementor-heading-title.elementor-size-large{font-size:29px}.elementor-widget-heading .elementor-heading-title.elementor-size-xl{font-size:39px}.elementor-widget-heading .elementor-heading-title.elementor-size-xxl{font-size:59px}<\/style><h2 class=\"elementor-heading-title elementor-size-default\">Dedicated to loving and caring for pets<\/h2>\t\t<\/div>\n\t\t\t\t<\/div>\n\t\t\t\t\t<\/div>\n\t\t<\/div>\n\t\t\t\t\t\t\t<\/div>\n\t\t<\/section>\n\t\t<div class=\"elementor-element elementor-element-1ff50a6 e-flex e-con-boxed elementor-invisible e-con e-parent\" data-id=\"1ff50a6\" data-element_type=\"container\" data-settings=\"{&quot;animation&quot;:&quot;fadeInRight&quot;,&quot;content_width&quot;:&quot;boxed&quot;}\" data-core-v316-plus=\"true\">\n\t\t\t\t\t<div class=\"e-con-inner\">\n\t\t<div class=\"elementor-element elementor-element-e36e297 e-con-full e-flex e-con e-child\" data-id=\"e36e297\" data-element_type=\"container\" data-settings=\"{&quot;content_width&quot;:&quot;full&quot;}\">\n\t\t\t\t<div class=\"elementor-element elementor-element-f3ac04a elementor-widget elementor-widget-text-editor\" data-id=\"f3ac04a\" data-element_type=\"widget\" data-widget_type=\"text-editor.default\">\n\t\t\t\t<div class=\"elementor-widget-container\">\n\t\t\t<style>\/*! elementor - v3.16.0 - 20-09-2023 *\/\n.elementor-widget-text-editor.elementor-drop-cap-view-stacked .elementor-drop-cap{background-color:#69727d;color:#fff}.elementor-widget-text-editor.elementor-drop-cap-view-framed .elementor-drop-cap{color:#69727d;border:3px solid;background-color:transparent}.elementor-widget-text-editor:not(.elementor-drop-cap-view-default) .elementor-drop-cap{margin-top:8px}.elementor-widget-text-editor:not(.elementor-drop-cap-view-default) .elementor-drop-cap-letter{width:1em;height:1em}.elementor-widget-text-editor .elementor-drop-cap{float:left;text-align:center;line-height:1;font-size:50px}.elementor-widget-text-editor .elementor-drop-cap-letter{display:inline-block}<\/style>\t\t\t\t<p style=\"text-align: justify;\">En <strong>NuevaPets<\/strong>, encontrar\u00e1 una historia de amor y dedicaci\u00f3n a las mascotas. Somos un equipo de profesionales amantes de los animales, comprometidos con el Cuidado, la Salud y el Bienestar de tus compa\u00f1eros de cuatro patas.<\/p><p style=\"text-align: justify;\">Nuestra historia est\u00e1 tejida con las huellas de los innumerables animales que se han cruzado en nuestro camino:\u00a0 \u00a0hemos compartido momentos m\u00e1gicos con ellos y \u00a0se han convertido en parte de nuestras vidas.<\/p><p style=\"text-align: justify;\">Estos v\u00ednculos especiales nos han inspirado a ofrecer el mejor cuidado y atenci\u00f3n posible. Nos enorgullece ser tu Veterinario de confianza para el \u00a0cuidado de tu perro o gato y compartimos la alegr\u00eda, la lealtad y el amor incondicional que ellos traen a nuestros hogares y a nuestros corazones. Somos mejores como sociedad y como personas cuando respetamos y cuidamos a los animales.<\/p>\t\t\t\t\t\t<\/div>\n\t\t\t\t<\/div>\n\t\t\t\t<\/div>\n\t\t<div class=\"elementor-element elementor-element-77e5e91 e-con-full e-flex e-con e-child\" data-id=\"77e5e91\" data-element_type=\"container\" data-settings=\"{&quot;content_width&quot;:&quot;full&quot;}\">\n\t\t\t\t<div class=\"elementor-element elementor-element-b3f907e elementor-widget elementor-widget-image\" data-id=\"b3f907e\" data-element_type=\"widget\" data-widget_type=\"image.default\">\n\t\t\t\t<div class=\"elementor-widget-container\">\n\t\t\t<style>\/*! elementor - v3.16.0 - 20-09-2023 *\/\n.elementor-widget-image{text-align:center}.elementor-widget-image a{display:inline-block}.elementor-widget-image a img[src$=\".svg\"]{width:48px}.elementor-widget-image img{vertical-align:middle;display:inline-block}<\/style>\t\t\t\t\t\t\t\t\t\t\t\t<img decoding=\"async\" loading=\"lazy\" width=\"1024\" height=\"683\" src=\"https:\/\/nuevapets.es\/wp-content\/uploads\/2023\/09\/cerrar-mano-sujetando-pata-perro-1024x683.jpg\" class=\"attachment-large size-large wp-image-645\" alt=\"cuidado animal 3\" srcset=\"https:\/\/nuevapets.es\/wp-content\/uploads\/2023\/09\/cerrar-mano-sujetando-pata-perro-1024x683.jpg 1024w, https:\/\/nuevapets.es\/wp-content\/uploads\/2023\/09\/cerrar-mano-sujetando-pata-perro-scaled-600x400.jpg 600w, https:\/\/nuevapets.es\/wp-content\/uploads\/2023\/09\/cerrar-mano-sujetando-pata-perro-300x200.jpg 300w, https:\/\/nuevapets.es\/wp-content\/uploads\/2023\/09\/cerrar-mano-sujetando-pata-perro-768x512.jpg 768w, https:\/\/nuevapets.es\/wp-content\/uploads\/2023\/09\/cerrar-mano-sujetando-pata-perro-1536x1024.jpg 1536w, https:\/\/nuevapets.es\/wp-content\/uploads\/2023\/09\/cerrar-mano-sujetando-pata-perro-2048x1365.jpg 2048w\" sizes=\"(max-width: 1024px) 100vw, 1024px\" \/>\t\t\t\t\t\t\t\t\t\t\t\t\t\t\t<\/div>\n\t\t\t\t<\/div>\n\t\t\t\t<\/div>\n\t\t\t\t\t<\/div>\n\t\t\t\t<\/div>\n\t\t<div class=\"elementor-element elementor-element-6dc5708 e-flex e-con-boxed elementor-invisible e-con e-parent\" data-id=\"6dc5708\" data-element_type=\"container\" data-settings=\"{&quot;animation&quot;:&quot;fadeInLeft&quot;,&quot;content_width&quot;:&quot;boxed&quot;}\" data-core-v316-plus=\"true\">\n\t\t\t\t\t<div class=\"e-con-inner\">\n\t\t<div class=\"elementor-element elementor-element-0b68f78 e-con-full e-flex e-con e-child\" data-id=\"0b68f78\" data-element_type=\"container\" data-settings=\"{&quot;content_width&quot;:&quot;full&quot;}\">\n\t\t\t\t<div class=\"elementor-element elementor-element-2789c7f elementor-widget elementor-widget-image\" data-id=\"2789c7f\" data-element_type=\"widget\" data-widget_type=\"image.default\">\n\t\t\t\t<div class=\"elementor-widget-container\">\n\t\t\t\t\t\t\t\t\t\t\t\t\t\t\t<img decoding=\"async\" loading=\"lazy\" width=\"1024\" height=\"683\" src=\"https:\/\/nuevapets.es\/wp-content\/uploads\/2023\/09\/cachorros-sonolientos-examinados-veterinario-1024x683.jpg\" class=\"attachment-large size-large wp-image-646\" alt=\"cuidado animal 2\" srcset=\"https:\/\/nuevapets.es\/wp-content\/uploads\/2023\/09\/cachorros-sonolientos-examinados-veterinario-1024x683.jpg 1024w, https:\/\/nuevapets.es\/wp-content\/uploads\/2023\/09\/cachorros-sonolientos-examinados-veterinario-scaled-600x401.jpg 600w, https:\/\/nuevapets.es\/wp-content\/uploads\/2023\/09\/cachorros-sonolientos-examinados-veterinario-300x200.jpg 300w, https:\/\/nuevapets.es\/wp-content\/uploads\/2023\/09\/cachorros-sonolientos-examinados-veterinario-768x513.jpg 768w, https:\/\/nuevapets.es\/wp-content\/uploads\/2023\/09\/cachorros-sonolientos-examinados-veterinario-1536x1025.jpg 1536w, https:\/\/nuevapets.es\/wp-content\/uploads\/2023\/09\/cachorros-sonolientos-examinados-veterinario-2048x1367.jpg 2048w\" sizes=\"(max-width: 1024px) 100vw, 1024px\" \/>\t\t\t\t\t\t\t\t\t\t\t\t\t\t\t<\/div>\n\t\t\t\t<\/div>\n\t\t\t\t<\/div>\n\t\t<div class=\"elementor-element elementor-element-297f0da e-con-full e-flex e-con e-child\" data-id=\"297f0da\" data-element_type=\"container\" data-settings=\"{&quot;content_width&quot;:&quot;full&quot;}\">\n\t\t\t\t<div class=\"elementor-element elementor-element-f775152 elementor-widget elementor-widget-text-editor\" data-id=\"f775152\" data-element_type=\"widget\" data-widget_type=\"text-editor.default\">\n\t\t\t\t<div class=\"elementor-widget-container\">\n\t\t\t\t\t\t\t<p style=\"text-align: justify;\">Nuestra misi\u00f3n es simple: promover la <strong>health<\/strong>, el <strong>bienestar<\/strong> y la <strong>happiness<\/strong> de todos nuestros pacientes. Cada d\u00eda, nos esforzamos por ofrecer atenci\u00f3n <strong>m\u00e9dica excepcional<\/strong>, <strong>consejos expertos<\/strong> y un ambiente c\u00e1lido y acogedor para ellos y sus tutores.<\/p><p style=\"text-align: justify;\">Creemos que los perros y los gatos son parte fundamental de nuestras vidas.\u00a0<\/p><p style=\"text-align: justify;\">You will find a team of professionals at<span style=\"font-weight: 400;\"> los que encanta su trabajo.<\/span><\/p>\t\t\t\t\t\t<\/div>\n\t\t\t\t<\/div>\n\t\t\t\t<\/div>\n\t\t\t\t\t<\/div>\n\t\t\t\t<\/div>\n\t\t<div class=\"elementor-element elementor-element-3f19674 e-flex e-con-boxed elementor-invisible e-con e-parent\" data-id=\"3f19674\" data-element_type=\"container\" data-settings=\"{&quot;animation&quot;:&quot;fadeInRight&quot;,&quot;content_width&quot;:&quot;boxed&quot;}\" data-core-v316-plus=\"true\">\n\t\t\t\t\t<div class=\"e-con-inner\">\n\t\t<div class=\"elementor-element elementor-element-9b26217 e-con-full e-flex e-con e-child\" data-id=\"9b26217\" data-element_type=\"container\" data-settings=\"{&quot;content_width&quot;:&quot;full&quot;}\">\n\t\t\t\t<div class=\"elementor-element elementor-element-9b911e7 elementor-widget elementor-widget-text-editor\" data-id=\"9b911e7\" data-element_type=\"widget\" data-widget_type=\"text-editor.default\">\n\t\t\t\t<div class=\"elementor-widget-container\">\n\t\t\t\t\t\t\t<p style=\"text-align: justify;\">Adem\u00e1s en Nueva Pets estamos comprometidos con el <b>control de poblaciones felinas<\/b>, brindando nuestras instalaciones para llevar a cabo el <b>Method Cer<\/b> en colaboraci\u00f3n con el <b>ICOV<\/b>\u00a0 de Almeria y con los Ayuntamientos conveniados. Asesoramos a entidades y particulares, as\u00ed como a Ayuntamientos y gestores. As\u00ed mismo en apoyo a esta iniciativa que se ha hecho realidad con la nueva <strong>Ley de Bienestar Animal<\/strong>, hemos creado el \u00a0<strong>\u00abPack Felino \u00ab<\/strong> para promover la esterilizaci\u00f3n de los \u00abmichis caseros\u00bb ya que la mayor\u00eda de los gatos que aparecen en las colonias provienen de abandonos, p\u00e9rdidas y camadas no deseadas que terminan en la calle malviviendo, pierden la socializaci\u00f3n con las personas y son mal llamados \u00abcallejeros, ferales o salvajes\u00bb.<\/p><p style=\"text-align: justify;\">\u00a0La gesti\u00f3n Etica de estos <strong>gatos comunitarios, <\/strong>\u00a0 garantiza el control y \u00a0la reducci\u00f3n de la poblaci\u00f3n felina de forma \u00e9tica y segura respetando el Bienestar Animal , la Salud Publica y la Convivencia entre vecinos .<\/p>\t\t\t\t\t\t<\/div>\n\t\t\t\t<\/div>\n\t\t\t\t<\/div>\n\t\t<div class=\"elementor-element elementor-element-2628de4 e-con-full e-flex e-con e-child\" data-id=\"2628de4\" data-element_type=\"container\" data-settings=\"{&quot;content_width&quot;:&quot;full&quot;}\">\n\t\t\t\t<div class=\"elementor-element elementor-element-6d0617a elementor-widget elementor-widget-image\" data-id=\"6d0617a\" data-element_type=\"widget\" data-widget_type=\"image.default\">\n\t\t\t\t<div class=\"elementor-widget-container\">\n\t\t\t\t\t\t\t\t\t\t\t\t\t\t\t<img decoding=\"async\" loading=\"lazy\" width=\"960\" height=\"796\" src=\"https:\/\/nuevapets.es\/wp-content\/uploads\/2023\/11\/04.jpg\" class=\"attachment-large size-large wp-image-1148\" alt=\"\" srcset=\"https:\/\/nuevapets.es\/wp-content\/uploads\/2023\/11\/04.jpg 960w, https:\/\/nuevapets.es\/wp-content\/uploads\/2023\/11\/04-300x249.jpg 300w, https:\/\/nuevapets.es\/wp-content\/uploads\/2023\/11\/04-768x637.jpg 768w, https:\/\/nuevapets.es\/wp-content\/uploads\/2023\/11\/04-600x498.jpg 600w\" sizes=\"(max-width: 960px) 100vw, 960px\" \/>\t\t\t\t\t\t\t\t\t\t\t\t\t\t\t<\/div>\n\t\t\t\t<\/div>\n\t\t\t\t<\/div>\n\t\t\t\t\t<\/div>\n\t\t\t\t<\/div>\n\t\t\t\t<section class=\"elementor-section elementor-top-section elementor-element elementor-element-abac9da elementor-section-content-middle elementor-section-boxed elementor-section-height-default elementor-section-height-default\" data-id=\"abac9da\" data-element_type=\"section\" data-settings=\"{&quot;background_background&quot;:&quot;classic&quot;}\">\n\t\t\t\t\t\t<div class=\"elementor-container elementor-column-gap-default\">\n\t\t\t\t\t<div class=\"elementor-column elementor-col-50 elementor-top-column elementor-element elementor-element-227ed12 elementor-hidden-tablet elementor-hidden-mobile\" data-id=\"227ed12\" data-element_type=\"column\">\n\t\t\t<div class=\"elementor-widget-wrap elementor-element-populated\">\n\t\t\t\t\t\t\t\t<div class=\"elementor-element elementor-element-18a439e elementor-invisible elementor-widget elementor-widget-image\" data-id=\"18a439e\" data-element_type=\"widget\" data-settings=\"{&quot;_animation&quot;:&quot;fadeIn&quot;}\" data-widget_type=\"image.default\">\n\t\t\t\t<div class=\"elementor-widget-container\">\n\t\t\t\t\t\t\t\t\t\t\t\t\t\t\t<img decoding=\"async\" loading=\"lazy\" width=\"300\" height=\"247\" src=\"https:\/\/nuevapets.es\/wp-content\/uploads\/2023\/11\/010-e1733701492601-300x247.jpg\" class=\"attachment-medium size-medium wp-image-1154\" alt=\"\" srcset=\"https:\/\/nuevapets.es\/wp-content\/uploads\/2023\/11\/010-e1733701492601-300x247.jpg 300w, https:\/\/nuevapets.es\/wp-content\/uploads\/2023\/11\/010-e1733701492601-768x633.jpg 768w, https:\/\/nuevapets.es\/wp-content\/uploads\/2023\/11\/010-e1733701492601-15x12.jpg 15w, https:\/\/nuevapets.es\/wp-content\/uploads\/2023\/11\/010-e1733701492601.jpg 959w\" sizes=\"(max-width: 300px) 100vw, 300px\" \/>\t\t\t\t\t\t\t\t\t\t\t\t\t\t\t<\/div>\n\t\t\t\t<\/div>\n\t\t\t\t<div class=\"elementor-element elementor-element-da2eb6a animated-fast elementor-invisible elementor-widget elementor-widget-image\" data-id=\"da2eb6a\" data-element_type=\"widget\" data-settings=\"{&quot;_animation&quot;:&quot;fadeIn&quot;,&quot;_animation_delay&quot;:100}\" data-widget_type=\"image.default\">\n\t\t\t\t<div class=\"elementor-widget-container\">\n\t\t\t\t\t\t\t\t\t\t\t\t\t\t\t<img decoding=\"async\" loading=\"lazy\" width=\"268\" height=\"300\" src=\"https:\/\/nuevapets.es\/wp-content\/uploads\/2023\/11\/015-268x300.jpg\" class=\"attachment-medium size-medium wp-image-1159\" alt=\"\" srcset=\"https:\/\/nuevapets.es\/wp-content\/uploads\/2023\/11\/015-268x300.jpg 268w, https:\/\/nuevapets.es\/wp-content\/uploads\/2023\/11\/015-914x1024.jpg 914w, https:\/\/nuevapets.es\/wp-content\/uploads\/2023\/11\/015-768x861.jpg 768w, https:\/\/nuevapets.es\/wp-content\/uploads\/2023\/11\/015-600x673.jpg 600w, https:\/\/nuevapets.es\/wp-content\/uploads\/2023\/11\/015.jpg 960w\" sizes=\"(max-width: 268px) 100vw, 268px\" \/>\t\t\t\t\t\t\t\t\t\t\t\t\t\t\t<\/div>\n\t\t\t\t<\/div>\n\t\t\t\t<div class=\"elementor-element elementor-element-98a7e37 animated-fast elementor-invisible elementor-widget elementor-widget-image\" data-id=\"98a7e37\" data-element_type=\"widget\" data-settings=\"{&quot;_animation&quot;:&quot;fadeIn&quot;,&quot;_animation_delay&quot;:200}\" data-widget_type=\"image.default\">\n\t\t\t\t<div class=\"elementor-widget-container\">\n\t\t\t\t\t\t\t\t\t\t\t\t\t\t\t<img decoding=\"async\" loading=\"lazy\" width=\"248\" height=\"300\" src=\"https:\/\/nuevapets.es\/wp-content\/uploads\/2023\/11\/013-248x300.jpg\" class=\"attachment-medium size-medium wp-image-1157\" alt=\"\" srcset=\"https:\/\/nuevapets.es\/wp-content\/uploads\/2023\/11\/013-248x300.jpg 248w, https:\/\/nuevapets.es\/wp-content\/uploads\/2023\/11\/013-847x1024.jpg 847w, https:\/\/nuevapets.es\/wp-content\/uploads\/2023\/11\/013-768x929.jpg 768w, https:\/\/nuevapets.es\/wp-content\/uploads\/2023\/11\/013-600x726.jpg 600w, https:\/\/nuevapets.es\/wp-content\/uploads\/2023\/11\/013.jpg 960w\" sizes=\"(max-width: 248px) 100vw, 248px\" \/>\t\t\t\t\t\t\t\t\t\t\t\t\t\t\t<\/div>\n\t\t\t\t<\/div>\n\t\t\t\t\t<\/div>\n\t\t<\/div>\n\t\t\t\t<div class=\"elementor-column elementor-col-50 elementor-top-column elementor-element elementor-element-f838900\" data-id=\"f838900\" data-element_type=\"column\">\n\t\t\t<div class=\"elementor-widget-wrap elementor-element-populated\">\n\t\t\t\t\t\t\t\t<div class=\"elementor-element elementor-element-b64fc01 elementor-widget elementor-widget-heading\" data-id=\"b64fc01\" data-element_type=\"widget\" data-widget_type=\"heading.default\">\n\t\t\t\t<div class=\"elementor-widget-container\">\n\t\t\t<h2 class=\"elementor-heading-title elementor-size-default\">CER Method, advice to entities and individuals<\/h2>\t\t<\/div>\n\t\t\t\t<\/div>\n\t\t\t\t<div class=\"elementor-element elementor-element-739ccc1 elementor-widget elementor-widget-text-editor\" data-id=\"739ccc1\" data-element_type=\"widget\" data-widget_type=\"text-editor.default\">\n\t\t\t\t<div class=\"elementor-widget-container\">\n\t\t\t\t\t\t\t<p>Somos conocedores de primera mano de los problemas de convivencia que ocasionan las poblaciones felinas en los entornos urbanos \u00a0y periurbanos cuando no est\u00e1n gestionadas, pero tambi\u00e9n hemos apreciado la mejora sustancial de la calidad de vida de estas colonias y sus integrantes cuando se aplica el <b>METHOD CER,<\/b> as well as the disappearance of neighborhood complaints.<\/p><p>The <b>Method Cer\u00a0 <\/b>es una estrategia integral para abordar el control de poblaciones felinas ,mejorar la convivencia de los vecinos y el bienestar de los animales que viven en la calle y promover soluciones \u00e9ticas y efectivas para que poco a poco la presencia de estos felinos se reduzca, contribuyendo a su bienestar y su salud pues a menor poblaci\u00f3n, menos stress y enfermedades ,mas recursos destinados a sus cuidados y menos molestias, mejorando la convivencia con los vecinos .Detr\u00e1s de la gesti\u00f3n de estas colonias hay un veterinario que vela por la salud de sus integrantes y el entorno en el que viven, garantizando su bienestar y la salubridad del conjunto de la colonia y por ende la salud y el bienestar de las personas y del entorno dentro del concepto One Health.<\/p><div class=\"page\" title=\"Page 2\"><div class=\"layoutArea\"><div class=\"column\">\u00a0<\/div><\/div><\/div>\t\t\t\t\t\t<\/div>\n\t\t\t\t<\/div>\n\t\t\t\t\t<\/div>\n\t\t<\/div>\n\t\t\t\t\t\t\t<\/div>\n\t\t<\/section>\n\t\t\t\t<section class=\"elementor-section elementor-top-section elementor-element elementor-element-2eeeed27 elementor-section-boxed elementor-section-height-default elementor-section-height-default\" data-id=\"2eeeed27\" data-element_type=\"section\" data-settings=\"{&quot;background_background&quot;:&quot;classic&quot;}\">\n\t\t\t\t\t\t<div class=\"elementor-container elementor-column-gap-default\">\n\t\t\t\t\t<div class=\"elementor-column elementor-col-50 elementor-top-column elementor-element elementor-element-566aee16\" data-id=\"566aee16\" data-element_type=\"column\">\n\t\t\t<div class=\"elementor-widget-wrap elementor-element-populated\">\n\t\t\t\t\t\t\t\t<div class=\"elementor-element elementor-element-1e344218 elementor-widget elementor-widget-heading\" data-id=\"1e344218\" data-element_type=\"widget\" data-widget_type=\"heading.default\">\n\t\t\t\t<div class=\"elementor-widget-container\">\n\t\t\t<h2 class=\"elementor-heading-title elementor-size-default\">Haven't you met our friends yet?<\/h2>\t\t<\/div>\n\t\t\t\t<\/div>\n\t\t\t\t<div class=\"elementor-element elementor-element-65e84cf5 elementor-widget elementor-widget-text-editor\" data-id=\"65e84cf5\" data-element_type=\"widget\" data-widget_type=\"text-editor.default\">\n\t\t\t\t<div class=\"elementor-widget-container\">\n\t\t\t\t\t\t\t<p>\u00a0<\/p><p>Cada animal tiene una personalidad propia.<\/p>\t\t\t\t\t\t<\/div>\n\t\t\t\t<\/div>\n\t\t\t\t<div class=\"elementor-element elementor-element-2d1a333d elementor-widget elementor-widget-button\" data-id=\"2d1a333d\" data-element_type=\"widget\" data-widget_type=\"button.default\">\n\t\t\t\t<div class=\"elementor-widget-container\">\n\t\t\t\t\t<div class=\"elementor-button-wrapper\">\n\t\t\t<a class=\"elementor-button elementor-button-link elementor-size-sm\" href=\"https:\/\/nuevapets.es\/en\/nuestros-amigos\/\">\n\t\t\t\t\t\t<span class=\"elementor-button-content-wrapper\">\n\t\t\t\t\t\t<span class=\"elementor-button-icon elementor-align-icon-right\">\n\t\t\t\t<i aria-hidden=\"true\" class=\"fas fa-long-arrow-alt-right\"><\/i>\t\t\t<\/span>\n\t\t\t\t\t\t<span class=\"elementor-button-text\">Get to know them<\/span>\n\t\t<\/span>\n\t\t\t\t\t<\/a>\n\t\t<\/div>\n\t\t\t\t<\/div>\n\t\t\t\t<\/div>\n\t\t\t\t\t<\/div>\n\t\t<\/div>\n\t\t\t\t<div class=\"elementor-column elementor-col-50 elementor-top-column elementor-element elementor-element-d4f5852\" data-id=\"d4f5852\" data-element_type=\"column\">\n\t\t\t<div class=\"elementor-widget-wrap\">\n\t\t\t\t\t\t\t\t\t<\/div>\n\t\t<\/div>\n\t\t\t\t\t\t\t<\/div>\n\t\t<\/section>\n\t\t\t\t\t\t\t<\/div>","protected":false},"excerpt":{"rendered":"<p>Dedicados a amar y cuidar a las mascotas En NuevaPets, encontrar\u00e1 una historia de amor y dedicaci\u00f3n a las mascotas. Somos un equipo de profesionales amantes de los animales, comprometidos con el Cuidado, la Salud y el Bienestar de tus compa\u00f1eros de cuatro patas. Nuestra historia est\u00e1 tejida con las huellas de los innumerables animales [&hellip;]<\/p>","protected":false},"author":1,"featured_media":0,"parent":0,"menu_order":0,"comment_status":"closed","ping_status":"closed","template":"","meta":{"footnotes":""},"_links":{"self":[{"href":"https:\/\/nuevapets.es\/en\/wp-json\/wp\/v2\/pages\/17"}],"collection":[{"href":"https:\/\/nuevapets.es\/en\/wp-json\/wp\/v2\/pages"}],"about":[{"href":"https:\/\/nuevapets.es\/en\/wp-json\/wp\/v2\/types\/page"}],"author":[{"embeddable":true,"href":"https:\/\/nuevapets.es\/en\/wp-json\/wp\/v2\/users\/1"}],"replies":[{"embeddable":true,"href":"https:\/\/nuevapets.es\/en\/wp-json\/wp\/v2\/comments?post=17"}],"version-history":[{"count":97,"href":"https:\/\/nuevapets.es\/en\/wp-json\/wp\/v2\/pages\/17\/revisions"}],"predecessor-version":[{"id":2227,"href":"https:\/\/nuevapets.es\/en\/wp-json\/wp\/v2\/pages\/17\/revisions\/2227"}],"wp:attachment":[{"href":"https:\/\/nuevapets.es\/en\/wp-json\/wp\/v2\/media?parent=17"}],"curies":[{"name":"wp","href":"https:\/\/api.w.org\/{rel}","templated":true}]}}